{"id":18721,"date":"2024-04-11T15:15:29","date_gmt":"2024-04-11T13:15:29","guid":{"rendered":"https:\/\/www.caoscreativo.it\/soluzioni-per-il-soggiorno\/"},"modified":"2025-08-05T10:12:52","modified_gmt":"2025-08-05T08:12:52","slug":"losungen-fur-den-wohnbereich","status":"publish","type":"page","link":"https:\/\/www.caoscreativo.it\/de\/losungen-fur-den-wohnbereich\/","title":{"rendered":"L\u00d6SUNGEN F\u00dcR DEN WOHNBEREICH"},"content":{"rendered":"","protected":false},"excerpt":{"rendered":"","protected":false},"author":1,"featured_media":0,"parent":0,"menu_order":0,"comment_status":"closed","ping_status":"closed","template":"","meta":{"_acf_changed":false,"footnotes":""},"class_list":["post-18721","page","type-page","status-publish","hentry"],"acf":[],"yoast_head":"<!-- This site is optimized with the Yoast SEO plugin v23.9 - https:\/\/yoast.com\/wordpress\/plugins\/seo\/ -->\n<title>L\u00d6SUNGEN F\u00dcR DEN WOHNBEREICH - Caos Creativo<\/title>\n<meta name=\"description\" content=\"Nahe an Ihrem Lieblings-Lesesessel, damit Sie Ihre B\u00fccher stets griffbereit haben.\" \/>\n<meta name=\"robots\" content=\"index, follow, max-snippet:-1, max-image-preview:large, max-video-preview:-1\" \/>\n<link rel=\"canonical\" href=\"https:\/\/www.caoscreativo.it\/de\/losungen-fur-den-wohnbereich\/\" \/>\n<meta property=\"og:locale\" content=\"de_DE\" \/>\n<meta property=\"og:type\" content=\"article\" \/>\n<meta property=\"og:title\" content=\"L\u00d6SUNGEN F\u00dcR DEN WOHNBEREICH - Caos Creativo\" \/>\n<meta property=\"og:description\" content=\"Nahe an Ihrem Lieblings-Lesesessel, damit Sie Ihre B\u00fccher stets griffbereit haben.\" \/>\n<meta property=\"og:url\" content=\"https:\/\/www.caoscreativo.it\/de\/losungen-fur-den-wohnbereich\/\" \/>\n<meta property=\"og:site_name\" content=\"Caos Creativo\" \/>\n<meta property=\"article:modified_time\" content=\"2025-08-05T08:12:52+00:00\" \/>\n<meta name=\"twitter:card\" content=\"summary_large_image\" \/>\n<meta name=\"twitter:label1\" content=\"Gesch\u00e4tzte Lesezeit\" \/>\n\t<meta name=\"twitter:data1\" content=\"1\u00a0Minute\" \/>\n<script type=\"application\/ld+json\" class=\"yoast-schema-graph\">{\"@context\":\"https:\/\/schema.org\",\"@graph\":[{\"@type\":\"WebPage\",\"@id\":\"https:\/\/www.caoscreativo.it\/de\/losungen-fur-den-wohnbereich\/\",\"url\":\"https:\/\/www.caoscreativo.it\/de\/losungen-fur-den-wohnbereich\/\",\"name\":\"L\u00d6SUNGEN F\u00dcR DEN WOHNBEREICH - Caos Creativo\",\"isPartOf\":{\"@id\":\"https:\/\/www.caoscreativo.it\/de\/#website\"},\"datePublished\":\"2024-04-11T13:15:29+00:00\",\"dateModified\":\"2025-08-05T08:12:52+00:00\",\"description\":\"Nahe an Ihrem Lieblings-Lesesessel, damit Sie Ihre B\u00fccher stets griffbereit haben.\",\"breadcrumb\":{\"@id\":\"https:\/\/www.caoscreativo.it\/de\/losungen-fur-den-wohnbereich\/#breadcrumb\"},\"inLanguage\":\"de\",\"potentialAction\":[{\"@type\":\"ReadAction\",\"target\":[\"https:\/\/www.caoscreativo.it\/de\/losungen-fur-den-wohnbereich\/\"]}]},{\"@type\":\"BreadcrumbList\",\"@id\":\"https:\/\/www.caoscreativo.it\/de\/losungen-fur-den-wohnbereich\/#breadcrumb\",\"itemListElement\":[{\"@type\":\"ListItem\",\"position\":1,\"name\":\"Home\",\"item\":\"https:\/\/www.caoscreativo.it\/de\/home-2025\/\"},{\"@type\":\"ListItem\",\"position\":2,\"name\":\"L\u00d6SUNGEN F\u00dcR DEN WOHNBEREICH\"}]},{\"@type\":\"WebSite\",\"@id\":\"https:\/\/www.caoscreativo.it\/de\/#website\",\"url\":\"https:\/\/www.caoscreativo.it\/de\/\",\"name\":\"Caos Creativo\",\"description\":\"Human design experience\",\"potentialAction\":[{\"@type\":\"SearchAction\",\"target\":{\"@type\":\"EntryPoint\",\"urlTemplate\":\"https:\/\/www.caoscreativo.it\/de\/?s={search_term_string}\"},\"query-input\":{\"@type\":\"PropertyValueSpecification\",\"valueRequired\":true,\"valueName\":\"search_term_string\"}}],\"inLanguage\":\"de\"}]}<\/script>\n<!-- \/ Yoast SEO plugin. -->","yoast_head_json":{"title":"L\u00d6SUNGEN F\u00dcR DEN WOHNBEREICH - Caos Creativo","description":"Nahe an Ihrem Lieblings-Lesesessel, damit Sie Ihre B\u00fccher stets griffbereit haben.","robots":{"index":"index","follow":"follow","max-snippet":"max-snippet:-1","max-image-preview":"max-image-preview:large","max-video-preview":"max-video-preview:-1"},"canonical":"https:\/\/www.caoscreativo.it\/de\/losungen-fur-den-wohnbereich\/","og_locale":"de_DE","og_type":"article","og_title":"L\u00d6SUNGEN F\u00dcR DEN WOHNBEREICH - Caos Creativo","og_description":"Nahe an Ihrem Lieblings-Lesesessel, damit Sie Ihre B\u00fccher stets griffbereit haben.","og_url":"https:\/\/www.caoscreativo.it\/de\/losungen-fur-den-wohnbereich\/","og_site_name":"Caos Creativo","article_modified_time":"2025-08-05T08:12:52+00:00","twitter_card":"summary_large_image","twitter_misc":{"Gesch\u00e4tzte Lesezeit":"1\u00a0Minute"},"schema":{"@context":"https:\/\/schema.org","@graph":[{"@type":"WebPage","@id":"https:\/\/www.caoscreativo.it\/de\/losungen-fur-den-wohnbereich\/","url":"https:\/\/www.caoscreativo.it\/de\/losungen-fur-den-wohnbereich\/","name":"L\u00d6SUNGEN F\u00dcR DEN WOHNBEREICH - Caos Creativo","isPartOf":{"@id":"https:\/\/www.caoscreativo.it\/de\/#website"},"datePublished":"2024-04-11T13:15:29+00:00","dateModified":"2025-08-05T08:12:52+00:00","description":"Nahe an Ihrem Lieblings-Lesesessel, damit Sie Ihre B\u00fccher stets griffbereit haben.","breadcrumb":{"@id":"https:\/\/www.caoscreativo.it\/de\/losungen-fur-den-wohnbereich\/#breadcrumb"},"inLanguage":"de","potentialAction":[{"@type":"ReadAction","target":["https:\/\/www.caoscreativo.it\/de\/losungen-fur-den-wohnbereich\/"]}]},{"@type":"BreadcrumbList","@id":"https:\/\/www.caoscreativo.it\/de\/losungen-fur-den-wohnbereich\/#breadcrumb","itemListElement":[{"@type":"ListItem","position":1,"name":"Home","item":"https:\/\/www.caoscreativo.it\/de\/home-2025\/"},{"@type":"ListItem","position":2,"name":"L\u00d6SUNGEN F\u00dcR DEN WOHNBEREICH"}]},{"@type":"WebSite","@id":"https:\/\/www.caoscreativo.it\/de\/#website","url":"https:\/\/www.caoscreativo.it\/de\/","name":"Caos Creativo","description":"Human design experience","potentialAction":[{"@type":"SearchAction","target":{"@type":"EntryPoint","urlTemplate":"https:\/\/www.caoscreativo.it\/de\/?s={search_term_string}"},"query-input":{"@type":"PropertyValueSpecification","valueRequired":true,"valueName":"search_term_string"}}],"inLanguage":"de"}]}},"_links":{"self":[{"href":"https:\/\/www.caoscreativo.it\/de\/wp-json\/wp\/v2\/pages\/18721","targetHints":{"allow":["GET"]}}],"collection":[{"href":"https:\/\/www.caoscreativo.it\/de\/wp-json\/wp\/v2\/pages"}],"about":[{"href":"https:\/\/www.caoscreativo.it\/de\/wp-json\/wp\/v2\/types\/page"}],"author":[{"embeddable":true,"href":"https:\/\/www.caoscreativo.it\/de\/wp-json\/wp\/v2\/users\/1"}],"replies":[{"embeddable":true,"href":"https:\/\/www.caoscreativo.it\/de\/wp-json\/wp\/v2\/comments?post=18721"}],"version-history":[{"count":1,"href":"https:\/\/www.caoscreativo.it\/de\/wp-json\/wp\/v2\/pages\/18721\/revisions"}],"predecessor-version":[{"id":18727,"href":"https:\/\/www.caoscreativo.it\/de\/wp-json\/wp\/v2\/pages\/18721\/revisions\/18727"}],"wp:attachment":[{"href":"https:\/\/www.caoscreativo.it\/de\/wp-json\/wp\/v2\/media?parent=18721"}],"curies":[{"name":"wp","href":"https:\/\/api.w.org\/{rel}","templated":true}]}}