{"id":18733,"date":"2024-04-11T15:15:49","date_gmt":"2024-04-11T13:15:49","guid":{"rendered":"https:\/\/www.caoscreativo.it\/libreria-all-over\/"},"modified":"2025-08-05T10:11:46","modified_gmt":"2025-08-05T08:11:46","slug":"bucherregal-all-over","status":"publish","type":"page","link":"https:\/\/www.caoscreativo.it\/de\/bucherregal-all-over\/","title":{"rendered":"B\u00dcCHERREGAL ALL-OVER"},"content":{"rendered":"","protected":false},"excerpt":{"rendered":"","protected":false},"author":1,"featured_media":0,"parent":0,"menu_order":0,"comment_status":"closed","ping_status":"closed","template":"","meta":{"_acf_changed":false,"footnotes":""},"class_list":["post-18733","page","type-page","status-publish","hentry"],"acf":[],"yoast_head":"<!-- This site is optimized with the Yoast SEO plugin v23.9 - https:\/\/yoast.com\/wordpress\/plugins\/seo\/ -->\n<title>B\u00fccherregal All-Over - Caos Creativo<\/title>\n<meta name=\"description\" content=\"All-Over ist weit mehr als ein einfaches B\u00fccherregal. Es ist ein M\u00f6belelement, das sich ganz nach Wunsch gestalten l\u00e4sst und harmonisch in jeden Raum passt.\" \/>\n<meta name=\"robots\" content=\"index, follow, max-snippet:-1, max-image-preview:large, max-video-preview:-1\" \/>\n<link rel=\"canonical\" href=\"https:\/\/www.caoscreativo.it\/de\/bucherregal-all-over\/\" \/>\n<meta property=\"og:locale\" content=\"de_DE\" \/>\n<meta property=\"og:type\" content=\"article\" \/>\n<meta property=\"og:title\" content=\"B\u00fccherregal All-Over - Caos Creativo\" \/>\n<meta property=\"og:description\" content=\"All-Over ist weit mehr als ein einfaches B\u00fccherregal. Es ist ein M\u00f6belelement, das sich ganz nach Wunsch gestalten l\u00e4sst und harmonisch in jeden Raum passt.\" \/>\n<meta property=\"og:url\" content=\"https:\/\/www.caoscreativo.it\/de\/bucherregal-all-over\/\" \/>\n<meta property=\"og:site_name\" content=\"Caos Creativo\" \/>\n<meta property=\"article:modified_time\" content=\"2025-08-05T08:11:46+00:00\" \/>\n<meta name=\"twitter:card\" content=\"summary_large_image\" \/>\n<meta name=\"twitter:label1\" content=\"Gesch\u00e4tzte Lesezeit\" \/>\n\t<meta name=\"twitter:data1\" content=\"1\u00a0Minute\" \/>\n<script type=\"application\/ld+json\" class=\"yoast-schema-graph\">{\"@context\":\"https:\/\/schema.org\",\"@graph\":[{\"@type\":\"WebPage\",\"@id\":\"https:\/\/www.caoscreativo.it\/de\/bucherregal-all-over\/\",\"url\":\"https:\/\/www.caoscreativo.it\/de\/bucherregal-all-over\/\",\"name\":\"B\u00fccherregal All-Over - Caos Creativo\",\"isPartOf\":{\"@id\":\"https:\/\/www.caoscreativo.it\/de\/#website\"},\"datePublished\":\"2024-04-11T13:15:49+00:00\",\"dateModified\":\"2025-08-05T08:11:46+00:00\",\"description\":\"All-Over ist weit mehr als ein einfaches B\u00fccherregal. Es ist ein M\u00f6belelement, das sich ganz nach Wunsch gestalten l\u00e4sst und harmonisch in jeden Raum passt.\",\"breadcrumb\":{\"@id\":\"https:\/\/www.caoscreativo.it\/de\/bucherregal-all-over\/#breadcrumb\"},\"inLanguage\":\"de\",\"potentialAction\":[{\"@type\":\"ReadAction\",\"target\":[\"https:\/\/www.caoscreativo.it\/de\/bucherregal-all-over\/\"]}]},{\"@type\":\"BreadcrumbList\",\"@id\":\"https:\/\/www.caoscreativo.it\/de\/bucherregal-all-over\/#breadcrumb\",\"itemListElement\":[{\"@type\":\"ListItem\",\"position\":1,\"name\":\"Home\",\"item\":\"https:\/\/www.caoscreativo.it\/de\/home-2025\/\"},{\"@type\":\"ListItem\",\"position\":2,\"name\":\"B\u00dcCHERREGAL ALL-OVER\"}]},{\"@type\":\"WebSite\",\"@id\":\"https:\/\/www.caoscreativo.it\/de\/#website\",\"url\":\"https:\/\/www.caoscreativo.it\/de\/\",\"name\":\"Caos Creativo\",\"description\":\"Human design experience\",\"potentialAction\":[{\"@type\":\"SearchAction\",\"target\":{\"@type\":\"EntryPoint\",\"urlTemplate\":\"https:\/\/www.caoscreativo.it\/de\/?s={search_term_string}\"},\"query-input\":{\"@type\":\"PropertyValueSpecification\",\"valueRequired\":true,\"valueName\":\"search_term_string\"}}],\"inLanguage\":\"de\"}]}<\/script>\n<!-- \/ Yoast SEO plugin. -->","yoast_head_json":{"title":"B\u00fccherregal All-Over - Caos Creativo","description":"All-Over ist weit mehr als ein einfaches B\u00fccherregal. Es ist ein M\u00f6belelement, das sich ganz nach Wunsch gestalten l\u00e4sst und harmonisch in jeden Raum passt.","robots":{"index":"index","follow":"follow","max-snippet":"max-snippet:-1","max-image-preview":"max-image-preview:large","max-video-preview":"max-video-preview:-1"},"canonical":"https:\/\/www.caoscreativo.it\/de\/bucherregal-all-over\/","og_locale":"de_DE","og_type":"article","og_title":"B\u00fccherregal All-Over - Caos Creativo","og_description":"All-Over ist weit mehr als ein einfaches B\u00fccherregal. Es ist ein M\u00f6belelement, das sich ganz nach Wunsch gestalten l\u00e4sst und harmonisch in jeden Raum passt.","og_url":"https:\/\/www.caoscreativo.it\/de\/bucherregal-all-over\/","og_site_name":"Caos Creativo","article_modified_time":"2025-08-05T08:11:46+00:00","twitter_card":"summary_large_image","twitter_misc":{"Gesch\u00e4tzte Lesezeit":"1\u00a0Minute"},"schema":{"@context":"https:\/\/schema.org","@graph":[{"@type":"WebPage","@id":"https:\/\/www.caoscreativo.it\/de\/bucherregal-all-over\/","url":"https:\/\/www.caoscreativo.it\/de\/bucherregal-all-over\/","name":"B\u00fccherregal All-Over - Caos Creativo","isPartOf":{"@id":"https:\/\/www.caoscreativo.it\/de\/#website"},"datePublished":"2024-04-11T13:15:49+00:00","dateModified":"2025-08-05T08:11:46+00:00","description":"All-Over ist weit mehr als ein einfaches B\u00fccherregal. Es ist ein M\u00f6belelement, das sich ganz nach Wunsch gestalten l\u00e4sst und harmonisch in jeden Raum passt.","breadcrumb":{"@id":"https:\/\/www.caoscreativo.it\/de\/bucherregal-all-over\/#breadcrumb"},"inLanguage":"de","potentialAction":[{"@type":"ReadAction","target":["https:\/\/www.caoscreativo.it\/de\/bucherregal-all-over\/"]}]},{"@type":"BreadcrumbList","@id":"https:\/\/www.caoscreativo.it\/de\/bucherregal-all-over\/#breadcrumb","itemListElement":[{"@type":"ListItem","position":1,"name":"Home","item":"https:\/\/www.caoscreativo.it\/de\/home-2025\/"},{"@type":"ListItem","position":2,"name":"B\u00dcCHERREGAL ALL-OVER"}]},{"@type":"WebSite","@id":"https:\/\/www.caoscreativo.it\/de\/#website","url":"https:\/\/www.caoscreativo.it\/de\/","name":"Caos Creativo","description":"Human design experience","potentialAction":[{"@type":"SearchAction","target":{"@type":"EntryPoint","urlTemplate":"https:\/\/www.caoscreativo.it\/de\/?s={search_term_string}"},"query-input":{"@type":"PropertyValueSpecification","valueRequired":true,"valueName":"search_term_string"}}],"inLanguage":"de"}]}},"_links":{"self":[{"href":"https:\/\/www.caoscreativo.it\/de\/wp-json\/wp\/v2\/pages\/18733","targetHints":{"allow":["GET"]}}],"collection":[{"href":"https:\/\/www.caoscreativo.it\/de\/wp-json\/wp\/v2\/pages"}],"about":[{"href":"https:\/\/www.caoscreativo.it\/de\/wp-json\/wp\/v2\/types\/page"}],"author":[{"embeddable":true,"href":"https:\/\/www.caoscreativo.it\/de\/wp-json\/wp\/v2\/users\/1"}],"replies":[{"embeddable":true,"href":"https:\/\/www.caoscreativo.it\/de\/wp-json\/wp\/v2\/comments?post=18733"}],"version-history":[{"count":1,"href":"https:\/\/www.caoscreativo.it\/de\/wp-json\/wp\/v2\/pages\/18733\/revisions"}],"predecessor-version":[{"id":18734,"href":"https:\/\/www.caoscreativo.it\/de\/wp-json\/wp\/v2\/pages\/18733\/revisions\/18734"}],"wp:attachment":[{"href":"https:\/\/www.caoscreativo.it\/de\/wp-json\/wp\/v2\/media?parent=18733"}],"curies":[{"name":"wp","href":"https:\/\/api.w.org\/{rel}","templated":true}]}}